{"id":1028,"date":"2023-11-30T16:11:38","date_gmt":"2023-11-30T15:11:38","guid":{"rendered":"https:\/\/www.verasavesolution.com\/eco-vera\/"},"modified":"2024-02-21T11:23:12","modified_gmt":"2024-02-21T10:23:12","slug":"eco-vera","status":"publish","type":"page","link":"https:\/\/www.verasavesolution.com\/es\/eco-vera\/","title":{"rendered":"ECO-VERA"},"content":{"rendered":"<p>Adem\u00e1s, no se debe subestimar que la recuperaci\u00f3n de residuos tiene un impacto econ\u00f3mico significativo. En lugar de considerarlos simplemente como residuos, aprovechamos de estos materiales para obtener mayores beneficios econ\u00f3micos. Los residuos pueden ser tratados y transformados en nuevos productos o reutilizados en procesos productivos, lo que nos permite ahorrar costes al reducir la necesidad de compra de materias primas adicionales.<\/p>\n<p>Esto no s\u00f3lo resulta en ahorros financieros directos, sino tambi\u00e9n aumenta nuestra eficiencia operativa, generando competitividad en el sector. El sistema de pulverizaci\u00f3n ECO-VERA que gestionamos en BRService es un sistema vers\u00e1til que se puede aplicar a varios tipos de materiales. Se puede utilizar tanto para EVA, POLIURETANO, GOMA y tambi\u00e9n para materiales combinados El producto procesado a trav\u00e9s de nuestro sistema de pulverizaci\u00f3n puede ser reinsertados en el circuito de producci\u00f3n, tanto de poliuretano como de EVA. El proceso de pulverizaci\u00f3n se realiza en dos etapas diferentes.<\/p>\n<p>Al reciclar y reutilizar estos residuos de producci\u00f3n, reducir\u00edamos los residuos y promover\u00edamos la sostenibilidad ambiental. El proceso de pulverizaci\u00f3n que ofrece BRservice representa una soluci\u00f3n eficaz para la gesti\u00f3n responsable de los residuos de producci\u00f3n, permitiendo obtener valor a\u00f1adido a materiales que de otro modo ir\u00edan a parar al vertedero.<\/p>\n","protected":false},"excerpt":{"rendered":"<p>Adem\u00e1s, no se debe subestimar que la recuperaci\u00f3n de residuos tiene un impacto econ\u00f3mico significativo. En lugar de considerarlos simplemente como residuos, aprovechamos de estos materiales para obtener mayores beneficios econ\u00f3micos. Los residuos pueden ser tratados y transformados en nuevos productos o reutilizados en procesos productivos, lo que nos permite ahorrar costes al reducir la [&hellip;]<\/p>\n","protected":false},"author":1,"featured_media":0,"parent":0,"menu_order":1,"comment_status":"closed","ping_status":"closed","template":"","meta":{"_acf_changed":false,"footnotes":""},"class_list":["post-1028","page","type-page","status-publish","hentry"],"acf":[],"yoast_head":"<!-- This site is optimized with the Yoast SEO plugin v27.2 - https:\/\/yoast.com\/product\/yoast-seo-wordpress\/ -->\n<title>ECO-VERA - riqualificazione energetica macchine per calzatura - Vera\u00ae SAVE SOLUTION<\/title>\n<meta name=\"description\" content=\"Riqualifichiamo macchinari a livello meccanico, elettrico, pneumatico ed oleodinamico, con eventuale riverniciatura. Contattaci!\" \/>\n<meta name=\"robots\" content=\"index, follow, max-snippet:-1, max-image-preview:large, max-video-preview:-1\" \/>\n<link rel=\"canonical\" href=\"https:\/\/www.verasavesolution.com\/es\/eco-vera\/\" \/>\n<meta property=\"og:locale\" content=\"es_ES\" \/>\n<meta property=\"og:type\" content=\"article\" \/>\n<meta property=\"og:title\" content=\"ECO-VERA - riqualificazione energetica macchine per calzatura - Vera\u00ae SAVE SOLUTION\" \/>\n<meta property=\"og:description\" content=\"Riqualifichiamo macchinari a livello meccanico, elettrico, pneumatico ed oleodinamico, con eventuale riverniciatura. Contattaci!\" \/>\n<meta property=\"og:url\" content=\"https:\/\/www.verasavesolution.com\/es\/eco-vera\/\" \/>\n<meta property=\"og:site_name\" content=\"Vera\u00ae SAVE SOLUTION\" \/>\n<meta property=\"article:modified_time\" content=\"2024-02-21T10:23:12+00:00\" \/>\n<meta name=\"twitter:card\" content=\"summary_large_image\" \/>\n<meta name=\"twitter:label1\" content=\"Tiempo de lectura\" \/>\n\t<meta name=\"twitter:data1\" content=\"1 minuto\" \/>\n<script type=\"application\/ld+json\" class=\"yoast-schema-graph\">{\"@context\":\"https:\/\/schema.org\",\"@graph\":[{\"@type\":\"WebPage\",\"@id\":\"https:\/\/www.verasavesolution.com\/es\/eco-vera\/\",\"url\":\"https:\/\/www.verasavesolution.com\/es\/eco-vera\/\",\"name\":\"ECO-VERA - riqualificazione energetica macchine per calzatura - Vera\u00ae SAVE SOLUTION\",\"isPartOf\":{\"@id\":\"https:\/\/www.verasavesolution.com\/es\/#website\"},\"datePublished\":\"2023-11-30T15:11:38+00:00\",\"dateModified\":\"2024-02-21T10:23:12+00:00\",\"description\":\"Riqualifichiamo macchinari a livello meccanico, elettrico, pneumatico ed oleodinamico, con eventuale riverniciatura. Contattaci!\",\"breadcrumb\":{\"@id\":\"https:\/\/www.verasavesolution.com\/es\/eco-vera\/#breadcrumb\"},\"inLanguage\":\"es\",\"potentialAction\":[{\"@type\":\"ReadAction\",\"target\":[\"https:\/\/www.verasavesolution.com\/es\/eco-vera\/\"]}]},{\"@type\":\"BreadcrumbList\",\"@id\":\"https:\/\/www.verasavesolution.com\/es\/eco-vera\/#breadcrumb\",\"itemListElement\":[{\"@type\":\"ListItem\",\"position\":1,\"name\":\"Home\",\"item\":\"https:\/\/www.verasavesolution.com\/es\/\"},{\"@type\":\"ListItem\",\"position\":2,\"name\":\"ECO-VERA\"}]},{\"@type\":\"WebSite\",\"@id\":\"https:\/\/www.verasavesolution.com\/es\/#website\",\"url\":\"https:\/\/www.verasavesolution.com\/es\/\",\"name\":\"Vera\u00ae SAVE SOLUTION\",\"description\":\"riqualificazione energetica macchine per calzatura\",\"potentialAction\":[{\"@type\":\"SearchAction\",\"target\":{\"@type\":\"EntryPoint\",\"urlTemplate\":\"https:\/\/www.verasavesolution.com\/es\/?s={search_term_string}\"},\"query-input\":{\"@type\":\"PropertyValueSpecification\",\"valueRequired\":true,\"valueName\":\"search_term_string\"}}],\"inLanguage\":\"es\"}]}<\/script>\n<!-- \/ Yoast SEO plugin. -->","yoast_head_json":{"title":"ECO-VERA - riqualificazione energetica macchine per calzatura - Vera\u00ae SAVE SOLUTION","description":"Riqualifichiamo macchinari a livello meccanico, elettrico, pneumatico ed oleodinamico, con eventuale riverniciatura. Contattaci!","robots":{"index":"index","follow":"follow","max-snippet":"max-snippet:-1","max-image-preview":"max-image-preview:large","max-video-preview":"max-video-preview:-1"},"canonical":"https:\/\/www.verasavesolution.com\/es\/eco-vera\/","og_locale":"es_ES","og_type":"article","og_title":"ECO-VERA - riqualificazione energetica macchine per calzatura - Vera\u00ae SAVE SOLUTION","og_description":"Riqualifichiamo macchinari a livello meccanico, elettrico, pneumatico ed oleodinamico, con eventuale riverniciatura. Contattaci!","og_url":"https:\/\/www.verasavesolution.com\/es\/eco-vera\/","og_site_name":"Vera\u00ae SAVE SOLUTION","article_modified_time":"2024-02-21T10:23:12+00:00","twitter_card":"summary_large_image","twitter_misc":{"Tiempo de lectura":"1 minuto"},"schema":{"@context":"https:\/\/schema.org","@graph":[{"@type":"WebPage","@id":"https:\/\/www.verasavesolution.com\/es\/eco-vera\/","url":"https:\/\/www.verasavesolution.com\/es\/eco-vera\/","name":"ECO-VERA - riqualificazione energetica macchine per calzatura - Vera\u00ae SAVE SOLUTION","isPartOf":{"@id":"https:\/\/www.verasavesolution.com\/es\/#website"},"datePublished":"2023-11-30T15:11:38+00:00","dateModified":"2024-02-21T10:23:12+00:00","description":"Riqualifichiamo macchinari a livello meccanico, elettrico, pneumatico ed oleodinamico, con eventuale riverniciatura. Contattaci!","breadcrumb":{"@id":"https:\/\/www.verasavesolution.com\/es\/eco-vera\/#breadcrumb"},"inLanguage":"es","potentialAction":[{"@type":"ReadAction","target":["https:\/\/www.verasavesolution.com\/es\/eco-vera\/"]}]},{"@type":"BreadcrumbList","@id":"https:\/\/www.verasavesolution.com\/es\/eco-vera\/#breadcrumb","itemListElement":[{"@type":"ListItem","position":1,"name":"Home","item":"https:\/\/www.verasavesolution.com\/es\/"},{"@type":"ListItem","position":2,"name":"ECO-VERA"}]},{"@type":"WebSite","@id":"https:\/\/www.verasavesolution.com\/es\/#website","url":"https:\/\/www.verasavesolution.com\/es\/","name":"Vera\u00ae SAVE SOLUTION","description":"riqualificazione energetica macchine per calzatura","potentialAction":[{"@type":"SearchAction","target":{"@type":"EntryPoint","urlTemplate":"https:\/\/www.verasavesolution.com\/es\/?s={search_term_string}"},"query-input":{"@type":"PropertyValueSpecification","valueRequired":true,"valueName":"search_term_string"}}],"inLanguage":"es"}]}},"_links":{"self":[{"href":"https:\/\/www.verasavesolution.com\/es\/wp-json\/wp\/v2\/pages\/1028","targetHints":{"allow":["GET"]}}],"collection":[{"href":"https:\/\/www.verasavesolution.com\/es\/wp-json\/wp\/v2\/pages"}],"about":[{"href":"https:\/\/www.verasavesolution.com\/es\/wp-json\/wp\/v2\/types\/page"}],"author":[{"embeddable":true,"href":"https:\/\/www.verasavesolution.com\/es\/wp-json\/wp\/v2\/users\/1"}],"replies":[{"embeddable":true,"href":"https:\/\/www.verasavesolution.com\/es\/wp-json\/wp\/v2\/comments?post=1028"}],"version-history":[{"count":4,"href":"https:\/\/www.verasavesolution.com\/es\/wp-json\/wp\/v2\/pages\/1028\/revisions"}],"predecessor-version":[{"id":1032,"href":"https:\/\/www.verasavesolution.com\/es\/wp-json\/wp\/v2\/pages\/1028\/revisions\/1032"}],"wp:attachment":[{"href":"https:\/\/www.verasavesolution.com\/es\/wp-json\/wp\/v2\/media?parent=1028"}],"curies":[{"name":"wp","href":"https:\/\/api.w.org\/{rel}","templated":true}]}}